{"id":1098,"date":"2019-03-08T11:09:44","date_gmt":"2019-03-08T11:09:44","guid":{"rendered":"http:\/\/www.turcianskydur.sk\/?page_id=1098"},"modified":"2019-03-08T11:09:44","modified_gmt":"2019-03-08T11:09:44","slug":"tlaciva-ine","status":"publish","type":"page","link":"http:\/\/www.turcianskydur.sk\/?page_id=1098","title":{"rendered":"Tla\u010div\u00e1 &#8211; In\u00e9"},"content":{"rendered":"<p><a href=\"http:\/\/www.turcianskydur.sk\/wp-content\/uploads\/2019\/03\/ziadost_o_urcenie_supisneho_cisla-1.pdf\">\u017diados\u0165 o ur\u010denie s\u00fapisn\u00e9ho \u010d\u00edsla<\/a><\/p>\n","protected":false},"excerpt":{"rendered":"<p>\u017diados\u0165 o ur\u010denie s\u00fapisn\u00e9ho[&#8230;]<\/p>\n","protected":false},"author":3,"featured_media":0,"parent":1074,"menu_order":0,"comment_status":"closed","ping_status":"closed","template":"","meta":{"footnotes":""},"class_list":["post-1098","page","type-page","status-publish","hentry"],"_links":{"self":[{"href":"http:\/\/www.turcianskydur.sk\/index.php?rest_route=\/wp\/v2\/pages\/1098","targetHints":{"allow":["GET"]}}],"collection":[{"href":"http:\/\/www.turcianskydur.sk\/index.php?rest_route=\/wp\/v2\/pages"}],"about":[{"href":"http:\/\/www.turcianskydur.sk\/index.php?rest_route=\/wp\/v2\/types\/page"}],"author":[{"embeddable":true,"href":"http:\/\/www.turcianskydur.sk\/index.php?rest_route=\/wp\/v2\/users\/3"}],"replies":[{"embeddable":true,"href":"http:\/\/www.turcianskydur.sk\/index.php?rest_route=%2Fwp%2Fv2%2Fcomments&post=1098"}],"version-history":[{"count":1,"href":"http:\/\/www.turcianskydur.sk\/index.php?rest_route=\/wp\/v2\/pages\/1098\/revisions"}],"predecessor-version":[{"id":1099,"href":"http:\/\/www.turcianskydur.sk\/index.php?rest_route=\/wp\/v2\/pages\/1098\/revisions\/1099"}],"up":[{"embeddable":true,"href":"http:\/\/www.turcianskydur.sk\/index.php?rest_route=\/wp\/v2\/pages\/1074"}],"wp:attachment":[{"href":"http:\/\/www.turcianskydur.sk\/index.php?rest_route=%2Fwp%2Fv2%2Fmedia&parent=1098"}],"curies":[{"name":"wp","href":"https:\/\/api.w.org\/{rel}","templated":true}]}}