{"id":1218,"date":"2019-05-22T12:59:24","date_gmt":"2019-05-22T12:59:24","guid":{"rendered":"http:\/\/www.turcianskydur.sk\/?page_id=1218"},"modified":"2019-05-22T12:59:24","modified_gmt":"2019-05-22T12:59:24","slug":"tlaciva-ziadost-o-rybarsky-listok","status":"publish","type":"page","link":"http:\/\/www.turcianskydur.sk\/?page_id=1218","title":{"rendered":"Tla\u010div\u00e1 &#8211; \u017diados\u0165 o ryb\u00e1rsky l\u00edstok"},"content":{"rendered":"<p><a href=\"http:\/\/www.turcianskydur.sk\/wp-content\/uploads\/2019\/05\/VZOR_Ziadost_o_vydanie_rybarskeho_listka-\u2013-k\u00f3pia-pages-deleted.pdf\">VZOR_\u017diados\u0165_o_vydanie_ryb\u00e1rskeho_l\u00edstka<\/a><\/p>\n","protected":false},"excerpt":{"rendered":"<p>VZOR_\u017diados\u0165_o_vydanie_ryb\u00e1rskeho_l\u00edstka<\/p>\n","protected":false},"author":3,"featured_media":0,"parent":0,"menu_order":0,"comment_status":"closed","ping_status":"closed","template":"","meta":{"footnotes":""},"class_list":["post-1218","page","type-page","status-publish","hentry"],"_links":{"self":[{"href":"http:\/\/www.turcianskydur.sk\/index.php?rest_route=\/wp\/v2\/pages\/1218","targetHints":{"allow":["GET"]}}],"collection":[{"href":"http:\/\/www.turcianskydur.sk\/index.php?rest_route=\/wp\/v2\/pages"}],"about":[{"href":"http:\/\/www.turcianskydur.sk\/index.php?rest_route=\/wp\/v2\/types\/page"}],"author":[{"embeddable":true,"href":"http:\/\/www.turcianskydur.sk\/index.php?rest_route=\/wp\/v2\/users\/3"}],"replies":[{"embeddable":true,"href":"http:\/\/www.turcianskydur.sk\/index.php?rest_route=%2Fwp%2Fv2%2Fcomments&post=1218"}],"version-history":[{"count":1,"href":"http:\/\/www.turcianskydur.sk\/index.php?rest_route=\/wp\/v2\/pages\/1218\/revisions"}],"predecessor-version":[{"id":1219,"href":"http:\/\/www.turcianskydur.sk\/index.php?rest_route=\/wp\/v2\/pages\/1218\/revisions\/1219"}],"wp:attachment":[{"href":"http:\/\/www.turcianskydur.sk\/index.php?rest_route=%2Fwp%2Fv2%2Fmedia&parent=1218"}],"curies":[{"name":"wp","href":"https:\/\/api.w.org\/{rel}","templated":true}]}}