{"id":5,"date":"2012-05-01T00:00:33","date_gmt":"2012-05-01T00:00:33","guid":{"rendered":"http:\/\/www.turcianskydur.sk\/?page_id=5"},"modified":"2024-01-01T23:10:30","modified_gmt":"2024-01-01T23:10:30","slug":"kontakty","status":"publish","type":"page","link":"http:\/\/www.turcianskydur.sk\/?page_id=5","title":{"rendered":"Kontakty"},"content":{"rendered":"<div class=\"column\">\n<h2>Adresa \u00a0 \u00a0 \u00a0 \u00a0 \u00a0 \u00a0 \u00a0 \u00a0 \u00a0 \u00a0 \u00a0 \u00a0 \u00a0 \u00a0 \u00a0 \u00a0 \u00a0 \u00a0 \u00a0 \u00a0 \u00a0 \u00a0 \u00a0 \u00a0 \u00a0\u00daradne hodiny<\/h2>\n<p>Obec Tur\u010diansky \u010eur \u00a0 \u00a0 \u00a0 \u00a0 \u00a0 \u00a0 \u00a0 \u00a0 \u00a0 \u00a0 \u00a0 \u00a0 \u00a0 \u00a0 \u00a0 \u00a0 \u00a0 \u00a0 \u00a0 \u00a0 \u00a0 \u00a0 \u00a0 \u00a0 \u00a0 \u00a0 \u00a0 \u00a0 \u00a0 \u00a0Pondelok, Streda, Piatok<br \/>\nTur\u010diansky \u010eur 6 \u00a0 \u00a0 \u00a0 \u00a0 \u00a0 \u00a0 \u00a0 \u00a0 \u00a0 \u00a0 \u00a0 \u00a0 \u00a0 \u00a0 \u00a0 \u00a0 \u00a0 \u00a0 \u00a0 \u00a0 \u00a0 \u00a0 \u00a0 \u00a0 \u00a0 \u00a0 \u00a0 \u00a0 \u00a0 \u00a0 \u00a0 \u00a0 \u00a0 \u00a017:00 &#8211; 18:00<br \/>\n038 43\u00a0\u00a0Kl\u00e1\u0161tor pod Znievom<\/p>\n<\/div>\n<div class=\"column\">\n<h2>Telef\u00f3n \u00a0 \u00a0 \u00a0 \u00a0 \u00a0 \u00a0 \u00a0 \u00a0 \u00a0 \u00a0 \u00a0 \u00a0 \u00a0 \u00a0 \u00a0 \u00a0 \u00a0 \u00a0 \u00a0 \u00a0 \u00a0 \u00a0 \u00a0 \u00a0 E-mail<\/h2>\n<p>043 493 3208\u00a0\u00a0<span class=\"annotation\"><em>(pevn\u00e1 linka)\u00a0 \u00a0 \u00a0 \u00a0 \u00a0 \u00a0 \u00a0 \u00a0 \u00a0 \u00a0 \u00a0 \u00a0 \u00a0 \u00a0 \u00a0 \u00a0 \u00a0 \u00a0 \u00a0 \u00a0 \u00a0 \u00a0 \u00a0 \u00a0 info@turcianskydur.sk<\/em><\/span><br \/>\n0904 137 682\u00a0\u00a0<span class=\"annotation\"><em>(mobil)<\/em><\/span><\/p>\n<\/div>\n<p><!--more--><\/p>\n<hr \/>\n<div class=\"column\">\n<h2>I\u010cO \u00a0 \u00a0 \u00a0 \u00a0 \u00a0 \u00a0 \u00a0 \u00a0 \u00a0 \u00a0 \u00a0 \u00a0 \u00a0 \u00a0 \u00a0 \u00a0 \u00a0 \u00a0 \u00a0 \u00a0 \u00a0 \u00a0 \u00a0 \u00a0 \u00a0 \u00a0 \u00a0 \u00a0 DI\u010c<\/h2>\n<p>00649139 \u00a0 \u00a0 \u00a0 \u00a0 \u00a0 \u00a0 \u00a0 \u00a0 \u00a0 \u00a0 \u00a0 \u00a0 \u00a0 \u00a0 \u00a0 \u00a0 \u00a0 \u00a0 \u00a0 \u00a0 \u00a0 \u00a0 \u00a0 \u00a0 \u00a0 \u00a0 \u00a0 \u00a0 \u00a0 \u00a0 \u00a0 \u00a0 \u00a0 \u00a0 \u00a0 \u00a0 \u00a0 \u00a0 \u00a0 \u00a0 2020607391<\/p>\n<\/div>\n<div class=\"column\">\n<h2>Bankov\u00fd \u00fa\u010det<\/h2>\n<p><span class=\"ellipsis\">SK0202000000000013025362<\/span><\/p>\n<p>\/13025362\/0200\u00a0\u00a0<span class=\"annotation\"><em>(V\u00daB)\/<\/em><\/span><\/p>\n<\/div>\n<hr \/>\n<p><iframe loading=\"lazy\" style=\"border: 0;\" src=\"https:\/\/www.google.com\/maps\/embed?pb=!1m18!1m12!1m3!1d7410.863955602894!2d18.841368748318384!3d48.95089469662853!2m3!1f0!2f0!3f0!3m2!1i1024!2i768!4f13.1!3m3!1m2!1s0x4714e33689b6d09d%3A0xc4bfdc62108d2b63!2s038+43+Tur%C4%8Diansky+%C4%8Eur!5e0!3m2!1ssk!2ssk!4v1506357032108\" width=\"600\" height=\"450\" frameborder=\"0\" allowfullscreen=\"allowfullscreen\"><\/iframe><a href=\"http:\/\/www.turcianskydur.sk\/wp-content\/uploads\/2012\/05\/qr-kod-TD.png\"><img loading=\"lazy\" decoding=\"async\" class=\"size-full wp-image-566 alignright\" src=\"http:\/\/www.turcianskydur.sk\/wp-content\/uploads\/2012\/05\/qr-kod-TD.png\" alt=\"\" width=\"150\" height=\"150\" \/><\/a><\/p>\n","protected":false},"excerpt":{"rendered":"<p>Adresa \u00a0 \u00a0 \u00a0[&#8230;]<\/p>\n","protected":false},"author":1,"featured_media":0,"parent":0,"menu_order":3,"comment_status":"closed","ping_status":"closed","template":"","meta":{"footnotes":""},"class_list":["post-5","page","type-page","status-publish","hentry"],"_links":{"self":[{"href":"http:\/\/www.turcianskydur.sk\/index.php?rest_route=\/wp\/v2\/pages\/5","targetHints":{"allow":["GET"]}}],"collection":[{"href":"http:\/\/www.turcianskydur.sk\/index.php?rest_route=\/wp\/v2\/pages"}],"about":[{"href":"http:\/\/www.turcianskydur.sk\/index.php?rest_route=\/wp\/v2\/types\/page"}],"author":[{"embeddable":true,"href":"http:\/\/www.turcianskydur.sk\/index.php?rest_route=\/wp\/v2\/users\/1"}],"replies":[{"embeddable":true,"href":"http:\/\/www.turcianskydur.sk\/index.php?rest_route=%2Fwp%2Fv2%2Fcomments&post=5"}],"version-history":[{"count":30,"href":"http:\/\/www.turcianskydur.sk\/index.php?rest_route=\/wp\/v2\/pages\/5\/revisions"}],"predecessor-version":[{"id":3675,"href":"http:\/\/www.turcianskydur.sk\/index.php?rest_route=\/wp\/v2\/pages\/5\/revisions\/3675"}],"wp:attachment":[{"href":"http:\/\/www.turcianskydur.sk\/index.php?rest_route=%2Fwp%2Fv2%2Fmedia&parent=5"}],"curies":[{"name":"wp","href":"https:\/\/api.w.org\/{rel}","templated":true}]}}